{"id":798,"date":"2024-08-30T17:01:53","date_gmt":"2024-08-30T15:01:53","guid":{"rendered":"https:\/\/efas.bertaeins.ch\/argumente\/"},"modified":"2025-06-13T14:00:54","modified_gmt":"2025-06-13T12:00:54","slug":"argumente","status":"publish","type":"page","link":"https:\/\/hev.bertaeins.ch\/it\/argumente\/","title":{"rendered":"Di cosa si tratta?"},"content":{"rendered":"\n            <section class=\"submenu-block\">\n                            <a href=\"https:\/\/hev.bertaeins.ch\/argumente\/#um_was_geht_es\" class=\"primary-theme-btn\" >Contenuto della riforma<\/a>\n                            <a href=\"https:\/\/hev.bertaeins.ch\/argumente\/#ziele_der_reform\" class=\"primary-theme-btn\" >Obiettivi della riforma<\/a>\n                            <a href=\"https:\/\/hev.bertaeins.ch\/argumente\/#kernelemente_der_reform\" class=\"primary-theme-btn\" >Elementi principali della riforma<\/a>\n                            <a href=\"https:\/\/hev.bertaeins.ch\/argumente\/#wichtig_zu_wissen\" class=\"primary-theme-btn\" >Cosa bisogna sapere<\/a>\n                    <\/section>\n    \n\n\n\n    <section class=\"darum-gehts-block block-paddings\" id=\"um_was_geht_es\">\n        <div class=\"block-bg block-bg-grey\" data-color=\"grey\"><\/div>\n\n        <div class=\"darum-gehts-block-content\">\n            \n            <div class=\"text-block scrollMagic-block visibleInBackend full\" data-uid=\"69e8b825774c6\">\n                                    <div class=\"title-block-wrapper scrollMagic-block visibleInBackend\" data-uid=\"69e8b825774c8\">\n                                                    <p class=\"block-subtitle \">Contenuto della riforma<\/p>\n                        \n                                                    <h2 class=\"\">Abolire un\u2019imposta fantasma<\/h2>\n                                            <\/div>\n                \n                                    <div class=\"simple-text-block   scrollMagic-block visibleInBackend\" data-uid=\"69e8b825774c9\">\n                        <p><strong>L\u2019imposizione fiscale sulla propriet\u00e0 immobiliare attuale \u00e8 ingiusta. Penalizza i proprietari di immobili e grava su famiglie e anziani. <\/strong><\/p>\n<p><strong>Con il valore locativo i proprietari di immobili pagano su un reddito che non percepiscono.<\/strong><\/p>\n<p><span style=\"font-weight: 400;\">Il valore locativo \u00e8 un introito che si potrebbe ottenere affittando la propria casa o il proprio appartamento. Questo introito non esiste. \u00c8 completamente inventato.\u00a0<\/span><\/p>\n<p><span style=\"font-weight: 400;\"><strong>Questa ingiusta imposta fantasma grava su tutti coloro che possiedono, desiderano acquistare o ereditare un immobile.<\/strong> Il valore locativo penalizza i sogni abitativi di inquilini e inquiline.<\/span><\/p>\n<p><strong>Secondo la Confederazione le persone a basso reddito sono maggiormente colpite. <\/strong><span style=\"font-weight: 400;\">Spesso si tratta di famiglie o pensionati. <\/span><\/p>\n<p><span style=\"font-weight: 400;\">L&#8217;onere fiscale che grava sugli anziani \u00e8 problematico, poich\u00e9 la propriet\u00e0 immobiliare fa parte della previdenza per la vecchiaia.<\/span><\/p>\n                    <\/div>\n                \n                            <\/div>\n        <\/div>\n    <\/section>\n\n\n\n\n            <section class=\"orange-text-with-angle-block\">\n            <svg class=\"orange-text-with-angle-block-top\" preserveAspectRatio=\"none\" width=\"1440px\" height=\"109px\" viewBox=\"0 0 1440 109\" version=\"1.1\" xmlns=\"http:\/\/www.w3.org\/2000\/svg\" xmlns:xlink=\"http:\/\/www.w3.org\/1999\/xlink\">\n                <g id=\"Page-1\" stroke=\"none\" stroke-width=\"1\" fill=\"none\" fill-rule=\"evenodd\">\n                    <g id=\"Group\" transform=\"translate(0, 0.2334)\">\n                        <polygon id=\"Path\" fill=\"#ed4d38\" points=\"0 108.696194 1440 108.696194 1440 -1.45834818e-15\"><\/polygon>\n                    <\/g>\n                <\/g>\n            <\/svg>\n            <svg class=\"orange-text-with-angle-block-bottom\" preserveAspectRatio=\"none\" width=\"1440px\" height=\"109px\" viewBox=\"0 0 1440 109\" version=\"1.1\" xmlns=\"http:\/\/www.w3.org\/2000\/svg\" xmlns:xlink=\"http:\/\/www.w3.org\/1999\/xlink\">\n                <g id=\"Page-1\" stroke=\"none\" stroke-width=\"1\" fill=\"none\" fill-rule=\"evenodd\">\n                    <g id=\"Group\" transform=\"translate(0, 0.2334)\">\n                        <polygon id=\"Path-2\" fill=\"#ed4d38\" points=\"0 108.696194 1440 -2.22137831e-13 0 -2.27373675e-13\"><\/polygon>\n                    <\/g>\n                <\/g>\n            <\/svg>\n            <h3 class=\"mb_0 text-white text-center\">Cogli l\u2019occasione di abolire il valore locativo!<\/h3>\n        <\/section>\n    \n\n\n\n    <section class=\"darum-gehts-block block-paddings\" id=\"ziele_der_reform\">\n        <div class=\"block-bg block-bg-white\" data-color=\"white\"><\/div>\n\n        <div class=\"darum-gehts-block-content\">\n            \n            <div class=\"text-block scrollMagic-block visibleInBackend full\" data-uid=\"69e8b82578de2\">\n                                    <div class=\"title-block-wrapper scrollMagic-block visibleInBackend\" data-uid=\"69e8b82578de3\">\n                                                    <p class=\"block-subtitle \">Obiettivi della riforma<\/p>\n                        \n                                                    <h2 class=\"\">Pi\u00f9 equit\u00e0, pi\u00f9 responsabilit\u00e0 individuale<\/h2>\n                                            <\/div>\n                \n                                    <div class=\"simple-text-block   scrollMagic-block visibleInBackend\" data-uid=\"69e8b82578de4\">\n                        <p>Oggi lo Stato incoraggia l&#8217;indebitamento dei privati. Il valore locativo penalizza tutti coloro che rimborsano i propri debiti.<\/p>\n<p>La propriet\u00e0 immobiliare \u00e8 un pilastro importante della previdenza per la vecchiaia. L&#8217;abolizione dell&#8217;imposta sul valore locativo rafforza la responsabilit\u00e0 individuale. L&#8217;abolizione del valore locativo garantisce cos\u00ec un alloggio sicuro nella terza et\u00e0.<\/p>\n<p><strong>La riforma dell&#8217;imposizione della propriet\u00e0 immobiliare, attesa da tempo, introduce importanti incentivi:<\/strong><\/p>\n<ul>\n<li>Con la deduzione per i primi acquirenti viene promosso, in modo mirato, l&#8217;acquisto di propriet\u00e0 abitativa.<\/li>\n<li>Viene eliminato l&#8217;assurdo incentivo fiscale all&#8217;indebitamento.<\/li>\n<li>Chi ripaga i propri debiti in futuro non sar\u00e0 pi\u00f9 penalizzato.<\/li>\n<\/ul>\n<p><strong>Questa riforma equilibrata ed equa rafforza tutti coloro che si assumono le proprie responsabilit\u00e0.<\/strong><\/p>\n                    <\/div>\n                \n                            <\/div>\n        <\/div>\n    <\/section>\n\n\n\n\n    \n\n\n\n    <section class=\"darum-gehts-block block-paddings\" id=\"kernelemente_der_reform\">\n        <div class=\"block-bg block-bg-grey\" data-color=\"grey\"><\/div>\n\n        <div class=\"darum-gehts-block-content\">\n            \n            <div class=\"text-block scrollMagic-block visibleInBackend full\" data-uid=\"69e8b8257957a\">\n                                    <div class=\"title-block-wrapper scrollMagic-block visibleInBackend\" data-uid=\"69e8b8257957c\">\n                                                    <p class=\"block-subtitle \">Elementi principali della riforma<\/p>\n                        \n                                                    <h2 class=\"\">Sopprimere finalmente un\u2019imposta fantasma<\/h2>\n                                            <\/div>\n                \n                                    <div class=\"simple-text-block   scrollMagic-block visibleInBackend\" data-uid=\"69e8b8257957d\">\n                        <p>La riforma dell\u2019imposizione sulla propriet\u00e0 abitativa \u00e8 equa. <strong>Essa comprende gli elementi seguenti:<\/strong><\/p>\n<ul>\n<li><strong>Abolizione dell\u2019imposta sul valore aggiunto per la residenza primaria e secondaria abitata dal proprietario.<\/strong><\/li>\n<li><strong>Deducibilit\u00e0 dei costi di manutenzione per la residenza primaria e secondaria con le seguenti eccezioni:<\/strong>\n<ul>\n<li style=\"font-weight: 400;\" aria-level=\"2\"><span style=\"font-weight: 400;\">I cantoni possono mantenere le deduzioni per le misure di risparmio energetico, protezione dell\u2019ambiente e per le spese di demolizione<\/span>.<\/li>\n<li style=\"font-weight: 400;\" aria-level=\"2\"><span style=\"font-weight: 400;\">La deduzione per i lavori di cura dei monumenti storici restano deducibili a livello federale e cantonale.<\/span><\/li>\n<\/ul>\n<\/li>\n<li><strong>Le spese di manutenzione in caso di immobili affittati o locati restano deducibili cos\u00ec come la deduzione proporzionale degli interessi passivi.<\/strong><\/li>\n<li><strong>Limitazione delle deduzioni degli interessi passivi privati.<\/strong><\/li>\n<li><strong>Deduzione speciale per i primi acquisti di residenze primarie, valido per la durata di 10 anni.<\/strong><\/li>\n<\/ul>\n<p><strong>L\u2019abolizione dell\u2019imposizione sul valore locativo \u00e8 pi\u00f9 che necessaria. Chiunque possieda o desideri acquistare un immobile non deve pi\u00f9 essere penalizzato dallo Stato.<\/strong><\/p>\n                    <\/div>\n                \n                            <\/div>\n        <\/div>\n    <\/section>\n\n\n\n\n    \n\n\n\n    <section class=\"darum-gehts-block block-paddings\" id=\"wichtig_zu_wissen\">\n        <div class=\"block-bg block-bg-white\" data-color=\"white\"><\/div>\n\n        <div class=\"darum-gehts-block-content\">\n            \n            <div class=\"text-block scrollMagic-block visibleInBackend full\" data-uid=\"69e8b82579c50\">\n                                    <div class=\"title-block-wrapper scrollMagic-block visibleInBackend\" data-uid=\"69e8b82579c52\">\n                                                    <p class=\"block-subtitle \">Cosa bisogna sapere<\/p>\n                        \n                                                    <h2 class=\"\">Approvare il decreto federale, abolire il valore locativo<\/h2>\n                                            <\/div>\n                \n                                    <div class=\"simple-text-block   scrollMagic-block visibleInBackend\" data-uid=\"69e8b82579c53\">\n                        <p><strong>La riforma del sistema di imposizione della propriet\u00e0 abitativa comporta due oggetti:<\/strong><\/p>\n<ul>\n<li><span style=\"font-weight: 400;\">Oggetto<\/span> A:<br \/>\n<strong>\u201cDecreto federale sul cambiamento del sistema di imposizione della propriet\u00e0 abitativa\u201d (abolizione del valore locativo)<\/strong><\/li>\n<li><span style=\"font-weight: 400;\">Oggetto<\/span> B:<br \/>\n<strong>\u201cDecreto federale dell\u2019imposta immobiliare cantonale sulle abitazioni secondarie\u201d<\/strong><\/li>\n<\/ul>\n<p><strong>Si voter\u00e0 unicamente sull\u2019oggetto B.<\/strong> Chi desidera finalmente abolire l\u2019ingiusto valore locativo, deve quindi votare a favore dell\u2019oggetto B (decreto federale). I due oggetti sono tuttavia collegati.<\/p>\n<p>Il decreto federale sull\u2019imposta immobiliare cantonale (oggetto B) da ai cantoni la possibilit\u00e0 di introdurre un\u2019imposta sulle abitazioni secondarie ad utilizzo proprio. Questo \u00e8 rilevante in particolar modo per i cantoni di montagna che ospitano molti alloggi secondari.<\/p>\n<p>Se un&#8217;imposta di questo tipo sar\u00e0 realmente introdotta sar\u00e0 deciso dai cantoni stessi.<\/p>\n<p><strong>Voti S\u00cc al decreto federale. In questo modo il valore locativo verr\u00e0 abrogato.<\/strong><\/p>\n                    <\/div>\n                \n                            <\/div>\n        <\/div>\n    <\/section>\n\n\n\n\n    <section class=\"forms-block block-paddings\" id=\"\">\n        <div class=\"block-bg block-bg-grey\" data-color=\"grey\"><\/div>\n\n        <div class=\"form-content-wrapper\">\n                            <div class=\"title-block-wrapper scrollMagic-block visibleInBackend\" data-uid=\"69e8b8257d96d\">\n                    \n                                            <h2 class=\"block-title \">Partecipi da subito e sostenga la campagna<\/h2>\n                                    <\/div>\n            \n            <div class=\"form-items\">\n                \n                \n                                    <div class=\"form-item scrollMagic-block visibleInBackend delay-0\" data-counter=\"3\" data-uid=\"69e8b8257d971\">\n                        <div class=\"form-item-content-wrapper form-item-grey\">\n                            <svg preserveAspectRatio=\"none\" width=\"339px\" height=\"64px\" viewBox=\"0 0 339 64\" version=\"1.1\" xmlns=\"http:\/\/www.w3.org\/2000\/svg\" xmlns:xlink=\"http:\/\/www.w3.org\/1999\/xlink\">\n                                <g id=\"Page-1\" stroke=\"none\" stroke-width=\"1\" fill=\"none\" fill-rule=\"evenodd\">\n                                    <polygon id=\"Path\" fill=\"#00a15c\" points=\"0.775551163 63.9649856 338.204072 63.9649856 169.489812 0.988581263\"><\/polygon>\n                                <\/g>\n                            <\/svg>\n\n                                                            <h3 class=\"small text-white text-center\">Abbonarsi alla newsletter<\/h3>\n                            \n                            \n                            <div class=\"button-block\">\n                                <a class=\"secondary-theme-btn overlay-open\" href=\"#\" data-type=\"newsletter\" id=\"newsletter-form_overlay\">\n                                    Iscriviti ora                                <\/a>\n                            <\/div>\n                        <\/div>\n                    <\/div>\n                \n                                                            <div class=\"form-item scrollMagic-block visibleInBackend delay-1\" data-uid=\"69e8b8257d974\">\n                            <div class=\"form-item-content-wrapper form-item-grey\">\n                                <svg preserveAspectRatio=\"none\" width=\"339px\" height=\"64px\" viewBox=\"0 0 339 64\" version=\"1.1\" xmlns=\"http:\/\/www.w3.org\/2000\/svg\" xmlns:xlink=\"http:\/\/www.w3.org\/1999\/xlink\">\n                                    <g id=\"Page-1\" stroke=\"none\" stroke-width=\"1\" fill=\"none\" fill-rule=\"evenodd\">\n                                        <polygon id=\"Path\" fill=\"#00a15c\" points=\"0.775551163 63.9649856 338.204072 63.9649856 169.489812 0.988581263\"><\/polygon>\n                                    <\/g>\n                                <\/svg>\n\n                                                                    <h3 class=\"small text-white text-center\">Ci segua sui social media<\/h3>\n                                \n                                \n                                \n                                                                   <div class=\"social-icons-block\">\n                                                                              <ul>\n            <li>\n            <a href=\"https:\/\/www.facebook.com\/profile.php?id=61576925488966\" target=\"_blank\"  >\n                <i class=\"fa-brands fa-square-facebook\"><\/i>\n            <\/a>\n        <\/li>\n    \n    \n            <li>\n            <a href=\"https:\/\/www.instagram.com\/imposte_giuste\/\" target=\"_blank\"  >\n                <i class=\"fa-brands fa-instagram\"><\/i>\n            <\/a>\n        <\/li>\n    \n    \n    \n    <\/ul>\n                                    <\/div>\n                                                           <\/div>\n                        <\/div>\n                                                <\/div>\n        <\/div>\n    <\/section>\n","protected":false},"excerpt":{"rendered":"","protected":false},"author":1,"featured_media":0,"parent":0,"menu_order":0,"comment_status":"closed","ping_status":"closed","template":"","meta":{"_acf_changed":false,"inline_featured_image":false,"footnotes":""},"class_list":["post-798","page","type-page","status-publish","hentry"],"acf":[],"_links":{"self":[{"href":"https:\/\/hev.bertaeins.ch\/it\/wp-json\/wp\/v2\/pages\/798","targetHints":{"allow":["GET"]}}],"collection":[{"href":"https:\/\/hev.bertaeins.ch\/it\/wp-json\/wp\/v2\/pages"}],"about":[{"href":"https:\/\/hev.bertaeins.ch\/it\/wp-json\/wp\/v2\/types\/page"}],"author":[{"embeddable":true,"href":"https:\/\/hev.bertaeins.ch\/it\/wp-json\/wp\/v2\/users\/1"}],"replies":[{"embeddable":true,"href":"https:\/\/hev.bertaeins.ch\/it\/wp-json\/wp\/v2\/comments?post=798"}],"version-history":[{"count":32,"href":"https:\/\/hev.bertaeins.ch\/it\/wp-json\/wp\/v2\/pages\/798\/revisions"}],"predecessor-version":[{"id":5368,"href":"https:\/\/hev.bertaeins.ch\/it\/wp-json\/wp\/v2\/pages\/798\/revisions\/5368"}],"wp:attachment":[{"href":"https:\/\/hev.bertaeins.ch\/it\/wp-json\/wp\/v2\/media?parent=798"}],"curies":[{"name":"wp","href":"https:\/\/api.w.org\/{rel}","templated":true}]}}