{"id":250,"date":"2024-02-12T17:11:43","date_gmt":"2024-02-12T16:11:43","guid":{"rendered":"https:\/\/efas.bertaeins.ch\/startseite\/"},"modified":"2025-06-13T15:01:40","modified_gmt":"2025-06-13T13:01:40","slug":"startseite","status":"publish","type":"page","link":"https:\/\/hev.bertaeins.ch\/it\/","title":{"rendered":"Eliminare un\u2019imposta fantasma"},"content":{"rendered":"\n    <section class=\"darum-gehts-block block-paddings\" id=\"\">\n        <div class=\"block-bg block-bg-grey\" data-color=\"grey\"><\/div>\n\n        <div class=\"darum-gehts-block-content\">\n            \n            <div class=\"text-block scrollMagic-block visibleInBackend full\" data-uid=\"69e8a213af447\">\n                                    <div class=\"title-block-wrapper scrollMagic-block visibleInBackend\" data-uid=\"69e8a213af44a\">\n                        \n                                                    <h2 class=\"\">Abolire un\u2019imposta fantasma<\/h2>\n                                            <\/div>\n                \n                                    <div class=\"simple-text-block is-style-lead-paragraph  scrollMagic-block visibleInBackend\" data-uid=\"69e8a213af44b\">\n                        <p>Il valore locativo \u00e8 un\u2019imposta fantasma ingiusta; i proprietari di immobili pagano su un reddito che non esiste. Particolarmente colpite sono le famiglie e i pensionati con redditi bassi. Questa imposta penalizza chi possiede, desidera acquistare o ereditare un immobile, quindi compromette anche i sogni abitativi di inquiline e inquilini. La propriet\u00e0 immobiliare fa parte della previdenza vecchiaia: \u00e8 giunto il momento di garantire maggiore equit\u00e0.<\/p>\n                    <\/div>\n                \n                                    <div class=\"link scrollMagic-block visibleInBackend\" data-uid=\"69e8a213b0087\">\n                        <a href=\"https:\/\/hev.bertaeins.ch\/it\/argumente\/\"  class=\" secondary-theme-btn\">\n                            Ulteriori informazioni                        <\/a>\n                    <\/div>\n                            <\/div>\n        <\/div>\n    <\/section>\n\n\n\n\n<div class=\"empty-divider\">\n    <svg preserveAspectRatio=\"none\" width=\"1440px\" height=\"109px\" viewBox=\"0 0 1440 109\" version=\"1.1\" xmlns=\"http:\/\/www.w3.org\/2000\/svg\" xmlns:xlink=\"http:\/\/www.w3.org\/1999\/xlink\">\n        <g id=\"Page-1\" stroke=\"none\" stroke-width=\"1\" fill=\"none\" fill-rule=\"evenodd\">\n            <g id=\"Group\" transform=\"translate(0, 0.2334)\">\n                <polygon id=\"Path\" fill=\"#00a15c\" points=\"0 108.696194 1440 108.696194 1440 -1.45834818e-15\"><\/polygon>\n                <polygon id=\"Path-2\" fill=\"#EFEFEF\" points=\"0 108.696194 1440 -2.22137831e-13 0 -2.27373675e-13\"><\/polygon>\n            <\/g>\n        <\/g>\n    <\/svg>\n<\/div>\n\n\n            <section class=\"argument-block block-paddings\" id=\"argumente\">\n            <div class=\"block-bg block-bg-primary\" data-color=\"primary\"><\/div>\n\n            <div class=\"argument-block-content\">\n                                    <div class=\"title-block-wrapper scrollMagic-block visibleInBackend\" data-uid=\"69e8a213b2049\">\n                        \n                                                    <h2 class=\"text-white\">Argomentazione:<\/h2>\n                        \n                                            <\/div>\n                \n                <div class=\"accordion scrollMagic-block visibleInBackend\" data-uid=\"69e8a213b204d\">\n                                            <div class=\"accordion-item scrollMagic-block visibleInBackend\"  data-uid=\"69e8a213b204e\">\n                            <div class=\"accordion-item-header-block secondary active\" data-number=\"1\">\n                                <h4 class=\"text-white mb-0\">Il valore locativo \u00e8  ingiusto<\/h4>\n                            <\/div>\n\n                            <div class=\"accordion-item-content-block active\">\n                                                                    <div class=\"simple-text-block\">\n                                        <p>I proprietari di immobili pagano delle imposte su un reddito fittizio. Questo penalizza in particolar modo le famiglie, gli anziani e tutti coloro che desiderano acquistare o ereditare un immobile. Chi contrae debiti viene premiato, chi li paga viene penalizzato. Questa imposta fantasma deve essere abolita.<\/p>\n                                    <\/div>\n                                                            <\/div>\n                        <\/div>\n                                                <div class=\"accordion-item scrollMagic-block visibleInBackend\"  data-uid=\"69e8a213b2050\">\n                            <div class=\"accordion-item-header-block secondary \" data-number=\"2\">\n                                <h4 class=\"text-white mb-0\">La soppressione del valore locativo rafforza la responsabilit\u00e0 individuale<\/h4>\n                            <\/div>\n\n                            <div class=\"accordion-item-content-block \">\n                                                                    <div class=\"simple-text-block\">\n                                        <p>L&#8217;abolizione del valore locativo rafforza la responsabilit\u00e0 individuale. L&#8217;indebitamento non godr\u00e0 pi\u00f9 di agevolazioni fiscali, estinguere i debiti sar\u00e0 di nuovo interessante. Le spese di manutenzione e gli interessi passivi non saranno pi\u00f9 deducibili per gli immobili ad uso proprio, ma, in compenso, sar\u00e0 abolito il valore locativo. Le persone che per la prima volta acquisteranno un\u2019abitazione, beneficeranno di una deduzione transitoria. Gli immobili affittati rimarranno sostanzialmente inalterati nel sistema delle deduzioni.<\/p>\n                                    <\/div>\n                                                            <\/div>\n                        <\/div>\n                                                <div class=\"accordion-item scrollMagic-block visibleInBackend\"  data-uid=\"69e8a213b2051\">\n                            <div class=\"accordion-item-header-block secondary \" data-number=\"3\">\n                                <h4 class=\"text-white mb-0\">S\u00cc a una riforma equilibrata ed equa<\/h4>\n                            <\/div>\n\n                            <div class=\"accordion-item-content-block \">\n                                                                    <div class=\"simple-text-block\">\n                                        <p>La riforma \u00e8 equilibrata ed equa: il valore locativo sar\u00e0 abolito, in cambio alcune deduzioni saranno soppresse. Persone che per la prima volta acquisteranno un bene immobile ne approfitteranno e i cantoni potranno tassare le residenze secondarie in modo autonomo, in funzione dei loro bisogni. Il carico fiscale complessivo sulle abitazioni sar\u00e0 alleggerito e sar\u00e0 pi\u00f9 equo. Una vera opportunit\u00e0 per una tassazione equa della propriet\u00e0 immobiliare.<\/p>\n                                    <\/div>\n                                                            <\/div>\n                        <\/div>\n                                                <div class=\"accordion-item scrollMagic-block visibleInBackend\"  data-uid=\"69e8a213b2052\">\n                            <div class=\"accordion-item-header-block secondary \" data-number=\"4\">\n                                <h4 class=\"text-white mb-0\">Conclusione: abolire il valore locativo, S\u00cc al decreto federale sulle abitazioni secondarie<\/h4>\n                            <\/div>\n\n                            <div class=\"accordion-item-content-block \">\n                                                                    <div class=\"simple-text-block\">\n                                        <p>Il 28 settembre saremo chiamati a votare sull\u2019abolizione dell\u2019ingiusto valore locativo &#8211; un\u2019imposta su un reddito fittizio. Questa riforma alleggerisce il carico fiscale della classe media, favorisce i primi acquirenti e rafforza la responsabilit\u00e0 individuale. Il decreto federale correlato consente ai cantoni di tassare le abitazioni secondarie. Chi desidera abolire il valore locativo dice S\u00cc al decreto federale sulle residenze secondarie.<\/p>\n                                    <\/div>\n                                                            <\/div>\n                        <\/div>\n                                        <\/div>\n\n                            <\/div>\n        <\/section>\n    \n\n\n<div class=\"empty-divider\">\n    <svg preserveAspectRatio=\"none\" width=\"1440px\" height=\"109px\" viewBox=\"0 0 1440 109\" version=\"1.1\" xmlns=\"http:\/\/www.w3.org\/2000\/svg\" xmlns:xlink=\"http:\/\/www.w3.org\/1999\/xlink\">\n        <g id=\"Page-1\" stroke=\"none\" stroke-width=\"1\" fill=\"none\" fill-rule=\"evenodd\">\n            <g id=\"Group\" transform=\"translate(0, 0.2334)\">\n                <polygon id=\"Path\" fill=\"#EFEFEF\" points=\"0 108.696194 1440 108.696194 1440 -1.45834818e-15\"><\/polygon>\n                <polygon id=\"Path-2\" fill=\"#00a15c\" points=\"0 108.696194 1440 -2.22137831e-13 0 -2.27373675e-13\"><\/polygon>\n            <\/g>\n        <\/g>\n    <\/svg>\n<\/div>\n\n\n    <section class=\"forms-block block-paddings\" id=\"\">\n        <div class=\"block-bg block-bg-grey\" data-color=\"grey\"><\/div>\n\n        <div class=\"form-content-wrapper\">\n                            <div class=\"title-block-wrapper scrollMagic-block visibleInBackend\" data-uid=\"69e8a213c652c\">\n                    \n                                            <h2 class=\"block-title \">Partecipi da subito e sostenga la campagna<\/h2>\n                                    <\/div>\n            \n            <div class=\"form-items\">\n                \n                \n                                    <div class=\"form-item scrollMagic-block visibleInBackend delay-0\" data-counter=\"3\" data-uid=\"69e8a213c6530\">\n                        <div class=\"form-item-content-wrapper form-item-grey\">\n                            <svg preserveAspectRatio=\"none\" width=\"339px\" height=\"64px\" viewBox=\"0 0 339 64\" version=\"1.1\" xmlns=\"http:\/\/www.w3.org\/2000\/svg\" xmlns:xlink=\"http:\/\/www.w3.org\/1999\/xlink\">\n                                <g id=\"Page-1\" stroke=\"none\" stroke-width=\"1\" fill=\"none\" fill-rule=\"evenodd\">\n                                    <polygon id=\"Path\" fill=\"#00a15c\" points=\"0.775551163 63.9649856 338.204072 63.9649856 169.489812 0.988581263\"><\/polygon>\n                                <\/g>\n                            <\/svg>\n\n                                                            <h3 class=\"small text-white text-center\">Abbonarsi alla newsletter<\/h3>\n                            \n                            \n                            <div class=\"button-block\">\n                                <a class=\"secondary-theme-btn overlay-open\" href=\"#\" data-type=\"newsletter\" id=\"newsletter-form_overlay\">\n                                    Iscriviti ora                                <\/a>\n                            <\/div>\n                        <\/div>\n                    <\/div>\n                \n                                                            <div class=\"form-item scrollMagic-block visibleInBackend delay-1\" data-uid=\"69e8a213c6533\">\n                            <div class=\"form-item-content-wrapper form-item-grey\">\n                                <svg preserveAspectRatio=\"none\" width=\"339px\" height=\"64px\" viewBox=\"0 0 339 64\" version=\"1.1\" xmlns=\"http:\/\/www.w3.org\/2000\/svg\" xmlns:xlink=\"http:\/\/www.w3.org\/1999\/xlink\">\n                                    <g id=\"Page-1\" stroke=\"none\" stroke-width=\"1\" fill=\"none\" fill-rule=\"evenodd\">\n                                        <polygon id=\"Path\" fill=\"#00a15c\" points=\"0.775551163 63.9649856 338.204072 63.9649856 169.489812 0.988581263\"><\/polygon>\n                                    <\/g>\n                                <\/svg>\n\n                                                                    <h3 class=\"small text-white text-center\">Ci segua sui social media<\/h3>\n                                \n                                \n                                \n                                                                   <div class=\"social-icons-block\">\n                                                                              <ul>\n            <li>\n            <a href=\"https:\/\/www.facebook.com\/profile.php?id=61576925488966\" target=\"_blank\"  >\n                <i class=\"fa-brands fa-square-facebook\"><\/i>\n            <\/a>\n        <\/li>\n    \n    \n            <li>\n            <a href=\"https:\/\/www.instagram.com\/imposte_giuste\/\" target=\"_blank\"  >\n                <i class=\"fa-brands fa-instagram\"><\/i>\n            <\/a>\n        <\/li>\n    \n    \n    \n    <\/ul>\n                                    <\/div>\n                                                           <\/div>\n                        <\/div>\n                                                <\/div>\n        <\/div>\n    <\/section>\n","protected":false},"excerpt":{"rendered":"","protected":false},"author":1,"featured_media":5022,"parent":0,"menu_order":0,"comment_status":"closed","ping_status":"closed","template":"","meta":{"_acf_changed":false,"inline_featured_image":false,"footnotes":""},"class_list":["post-250","page","type-page","status-publish","has-post-thumbnail","hentry"],"acf":[],"_links":{"self":[{"href":"https:\/\/hev.bertaeins.ch\/it\/wp-json\/wp\/v2\/pages\/250","targetHints":{"allow":["GET"]}}],"collection":[{"href":"https:\/\/hev.bertaeins.ch\/it\/wp-json\/wp\/v2\/pages"}],"about":[{"href":"https:\/\/hev.bertaeins.ch\/it\/wp-json\/wp\/v2\/types\/page"}],"author":[{"embeddable":true,"href":"https:\/\/hev.bertaeins.ch\/it\/wp-json\/wp\/v2\/users\/1"}],"replies":[{"embeddable":true,"href":"https:\/\/hev.bertaeins.ch\/it\/wp-json\/wp\/v2\/comments?post=250"}],"version-history":[{"count":69,"href":"https:\/\/hev.bertaeins.ch\/it\/wp-json\/wp\/v2\/pages\/250\/revisions"}],"predecessor-version":[{"id":5378,"href":"https:\/\/hev.bertaeins.ch\/it\/wp-json\/wp\/v2\/pages\/250\/revisions\/5378"}],"wp:featuredmedia":[{"embeddable":true,"href":"https:\/\/hev.bertaeins.ch\/it\/wp-json\/wp\/v2\/media\/5022"}],"wp:attachment":[{"href":"https:\/\/hev.bertaeins.ch\/it\/wp-json\/wp\/v2\/media?parent=250"}],"curies":[{"name":"wp","href":"https:\/\/api.w.org\/{rel}","templated":true}]}}