{"id":781,"date":"2024-08-30T14:14:33","date_gmt":"2024-08-30T12:14:33","guid":{"rendered":"https:\/\/efas.bertaeins.ch\/komitee\/"},"modified":"2025-06-12T15:19:47","modified_gmt":"2025-06-12T13:19:47","slug":"comite","status":"publish","type":"page","link":"https:\/\/hev.bertaeins.ch\/fr\/comite\/","title":{"rendered":"Comit\u00e9"},"content":{"rendered":"\n<p class=\"is-style-lead-paragraph\">La valeur locative est un revenu fictif &#8211; pourtant les propri\u00e9taires doivent payer des imp\u00f4ts. Cela p\u00e8se surtout sur les familles et les personnes \u00e0 bas revenus ainsi que sur les personnes \u00e2g\u00e9es. L\u2019imp\u00f4t fant\u00f4me complique l\u2019achat et l\u2019h\u00e9ritage d\u2019un logement &#8211; il torpille les r\u00eaves d\u2019acc\u00e9der \u00e0 la propri\u00e9t\u00e9. Cet imp\u00f4t injuste doit \u00eatre supprim\u00e9. Rejoignez le comit\u00e9 de soutien.<\/p>\n\n\n\n    \n\n\n\n    \n\n\n\n    <section class=\"komitee-block section-block\" data-languagetype=\"current\" id=\"\">\n        <div class=\"fade-block\"><\/div>\n\n                    <div class=\"title-block-wrapper scrollMagic-block visibleInBackend\" data-uid=\"69e8b84858115\">\n                \n                                    <h2 class=\"block-title text-center\">Soutiens<\/h2>\n                \n                            <\/div>\n        \n        <div class=\"persons scrollMagic-block visibleInBackend\" data-uid=\"69e8b84858118\">\n            <table class=\"table table-striped\">\n                <thead>\n                <tr class=\"person-head\">\n                    <th>\n                        Pr\u00e9nom                    <\/th>\n                    <th>\n                        Nom de famille                    <\/th>\n                    <th>\n                        Fonction                    <\/th>\n                    <th>\n                        Organisation\/ Parti                    <\/th>\n                    <th>\n                        Canton                    <\/th>\n                <\/tr>\n                <tr class=\"person-filters\">\n                    <td>\n                        <input type=\"text\" id=\"vorname\" autocomplete=\"off\" placeholder=\"Pr\u00e9nom\">\n                        <button type=\"submit\" class=\"search-btn\"><\/button>\n                    <\/td>\n                    <td>\n                        <input type=\"text\" id=\"nachname\" autocomplete=\"off\" placeholder=\"Nom de famille\">\n                        <button type=\"submit\" class=\"search-btn\"><\/button>\n                    <\/td>\n                    <td>\n                        <input type=\"text\" id=\"funktion\" autocomplete=\"off\" placeholder=\"Fonction\">\n                        <button type=\"submit\" class=\"search-btn\"><\/button>\n                    <\/td>\n                    <td>\n                        <input type=\"text\" id=\"partei\"  autocomplete=\"off\" placeholder=\"Organisation\/ Parti\">\n                        <button type=\"submit\" class=\"search-btn\"><\/button>\n                    <\/td>\n                    <td>\n                        <input type=\"text\" id=\"ort\" autocomplete=\"off\" placeholder=\"Canton\">\n                        <button type=\"submit\" class=\"search-btn\"><\/button>\n                    <\/td>\n                <\/tr>\n                <\/thead>\n                <tbody>\n                                <\/tbody>\n            <\/table>\n        <\/div>\n\n        <div class=\"pagination\" data-postsperpage=\"10\" data-maxpage=\"0\" data-lang=\"fr\" data-pageid=\"781\">\n                    <\/div>\n    <\/section>\n\n    <script>\n        var controller = new ScrollMagic.Controller();\n\n        new ScrollMagic.Scene({\n            triggerElement: \".komitee-block\",\n            triggerHook: 0.8,\n            offset: 0\n        })\n            .setClassToggle(\".komitee-block\", \"visibleBlock\")\n            .addTo(controller);\n    <\/script>\n\n\n\n\n<div class=\"wp-block-buttons is-content-justification-center is-layout-flex wp-container-core-buttons-is-layout-16018d1d wp-block-buttons-is-layout-flex\">\n<div class=\"wp-block-button\"><a class=\"wp-block-button__link has-text-align-center wp-element-button\" href=\"https:\/\/hev.bertaeins.ch\/fr\/comite\/\">Rejoindre le comit\u00e9<\/a><\/div>\n<\/div>\n\n\n\n<p><\/p>\n\n\n\n            <section class=\"form-1-block block-paddings\" id=\"\">\n            <div class=\"block-bg block-bg-white\" data-color=\"white\"><\/div>\n\n            <div class=\"form_1_block_content_wrapper\">\n                                    <div class=\"title-block-wrapper scrollMagic-block visibleInBackend\" data-uid=\"69e8b848596d7\">\n                        \n                                                    <h2 class=\"block-title text-center  \">Rejoindre le comit\u00e9<\/h2>\n                                            <\/div>\n                \n                                    <div class=\"form  scrollMagic-block visibleInBackend\" data-uid=\"69e8b848596db\">\n                        <div class=\"frm_forms \" id=\"frm_form_26_container\" >\n<form enctype=\"multipart\/form-data\" method=\"post\" class=\"frm-show-form  frm_js_validate  frm_ajax_submit  frm_pro_form \" id=\"form_newsletter-form-de88d931f524b5b33b10b2232\" >\n<div class=\"frm_form_fields \">\n<fieldset>\n<legend class=\"frm_screen_reader\">Komitee FR (overlay)<\/legend>\r\n\r\n<div class=\"frm_fields_container\">\n<input type=\"hidden\" name=\"frm_action\" value=\"create\" \/>\n<input type=\"hidden\" name=\"form_id\" value=\"26\" \/>\n<input type=\"hidden\" name=\"frm_hide_fields_26\" id=\"frm_hide_fields_26\" value=\"\" \/>\n<input type=\"hidden\" name=\"form_key\" value=\"newsletter-form-de88d931f524b5b33b10b2232\" \/>\n<input type=\"hidden\" name=\"item_meta[0]\" value=\"\" \/>\n<input type=\"hidden\" id=\"frm_submit_entry_26\" name=\"frm_submit_entry_26\" value=\"b0dcc23bae\" \/><input type=\"hidden\" name=\"_wp_http_referer\" value=\"\/fr\/wp-json\/wp\/v2\/pages\/781\" \/><div id=\"frm_field_341_container\" class=\"frm_form_field form-field  frm_required_field frm_top_container form-select form-anrede\">\r\n    <label for=\"field_anrede-fieldcdea14c9b542\" id=\"field_anrede-fieldcdea14c9b542_label\" class=\"frm_primary_label\">Formule d&rsquo;appel\r\n        <span class=\"frm_required\">*<\/span>\r\n    <\/label>\r\n    \t\t<select name=\"item_meta[341]\" id=\"field_anrede-fieldcdea14c9b542\"  data-placeholder=\"Formule d&#039;appel*\"  placeholder=\"Formule d&#039;appel*\" data-reqmsg=\"Ce champ ne doit pas \u00eatre vide.\" aria-required=\"true\" data-invmsg=\"Formule d&#039;appel is invalid\" aria-invalid=\"false\"  >\n\t\t<option  class=\"frm-select-placeholder\" value=\"\" data-placeholder=\"true\">Formule d&#039;appel*<\/option><option  value=\"Monsieur\">Monsieur<\/option><option  value=\"Madame\">Madame<\/option>\t<\/select>\n\t\r\n    \r\n    \r\n<\/div>\n<div id=\"frm_field_342_container\" class=\"frm_form_field form-field  frm_required_field frm_top_container form-vorname\">\r\n    <label for=\"field_vorname-field45df4db86142\" id=\"field_vorname-field45df4db86142_label\" class=\"frm_primary_label\">Pr\u00e9nom\r\n        <span class=\"frm_required\">*<\/span>\r\n    <\/label>\r\n    <input type=\"text\" id=\"field_vorname-field45df4db86142\" name=\"item_meta[342]\" value=\"\"  placeholder=\"Pr\u00e9nom*\" data-reqmsg=\"Ce champ ne doit pas \u00eatre vide.\" aria-required=\"true\" data-invmsg=\"Name ist ung\u00fcltig\" aria-invalid=\"false\"  \/>\r\n    \r\n    \r\n<\/div>\n<div id=\"frm_field_343_container\" class=\"frm_form_field form-field  frm_required_field frm_top_container form-nachname\">\r\n    <label for=\"field_nachname-fieldb5bc84a9f042\" id=\"field_nachname-fieldb5bc84a9f042_label\" class=\"frm_primary_label\">Nom\r\n        <span class=\"frm_required\">*<\/span>\r\n    <\/label>\r\n    <input type=\"text\" id=\"field_nachname-fieldb5bc84a9f042\" name=\"item_meta[343]\" value=\"\"  placeholder=\"Nom*\" data-reqmsg=\"Ce champ ne doit pas \u00eatre vide.\" aria-required=\"true\" data-invmsg=\"Last ist ung\u00fcltig\" aria-invalid=\"false\"  \/>\r\n    \r\n    \r\n<\/div>\n<div id=\"frm_field_344_container\" class=\"frm_form_field form-field  frm_required_field frm_top_container form-funktion\">\r\n    <label for=\"field_funktion-field8f7feffc7c42\" id=\"field_funktion-field8f7feffc7c42_label\" class=\"frm_primary_label\">Profession\/position\r\n        <span class=\"frm_required\">*<\/span>\r\n    <\/label>\r\n    <input type=\"text\" id=\"field_funktion-field8f7feffc7c42\" name=\"item_meta[344]\" value=\"\"  placeholder=\"Profession\/position*\" data-reqmsg=\"Dieses Feld darf nicht leer sein.\" aria-required=\"true\" data-invmsg=\"Last ist ung\u00fcltig\" aria-invalid=\"false\"  \/>\r\n    \r\n    \r\n<\/div>\n<div id=\"frm_field_345_container\" class=\"frm_form_field form-field  frm_required_field frm_top_container form-partei\">\r\n    <label for=\"field_partei-fieldf18388e6842\" id=\"field_partei-fieldf18388e6842_label\" class=\"frm_primary_label\">Entreprise\/Parti\r\n        <span class=\"frm_required\">*<\/span>\r\n    <\/label>\r\n    <input type=\"text\" id=\"field_partei-fieldf18388e6842\" name=\"item_meta[345]\" value=\"\"  placeholder=\"Entreprise\/Parti*\" data-reqmsg=\"Ce champ ne doit pas \u00eatre vide.\" aria-required=\"true\" data-invmsg=\"Last ist ung\u00fcltig\" aria-invalid=\"false\"  \/>\r\n    \r\n    \r\n<\/div>\n<div id=\"frm_field_346_container\" class=\"frm_form_field form-field  frm_required_field frm_top_container form-select form-ort\">\r\n    <label for=\"field_ort-field88bf2aafd042\" id=\"field_ort-field88bf2aafd042_label\" class=\"frm_primary_label\">Canton\r\n        <span class=\"frm_required\">*<\/span>\r\n    <\/label>\r\n    \t\t<select name=\"item_meta[346]\" id=\"field_ort-field88bf2aafd042\"  data-placeholder=\"Canton*\"  placeholder=\"Canton*\" data-reqmsg=\"Ce champ ne doit pas \u00eatre vide.\" aria-required=\"true\" data-invmsg=\"Canton is invalid\" aria-invalid=\"false\"  >\n\t\t<option  class=\"frm-select-placeholder\" value=\"\" data-placeholder=\"true\">Canton*<\/option><option  value=\"Argovie\">Argovie<\/option><option  value=\"Appenzell Rhodes-Ext\u00e9rieures\">Appenzell Rhodes-Ext\u00e9rieures<\/option><option  value=\"Appenzell Rhodes-Int\u00e9rieures\">Appenzell Rhodes-Int\u00e9rieures<\/option><option  value=\"B\u00e2le-Campagne\">B\u00e2le-Campagne<\/option><option  value=\"B\u00e2le-Ville\">B\u00e2le-Ville<\/option><option  value=\"Berne\">Berne<\/option><option  value=\"Fribourg\">Fribourg<\/option><option  value=\"Gen\u00e8ve\">Gen\u00e8ve<\/option><option  value=\"Glaris\">Glaris<\/option><option  value=\"Grisons\">Grisons<\/option><option  value=\"Jura\">Jura<\/option><option  value=\"Lucerne\">Lucerne<\/option><option  value=\"Neuch\u00e2tel\">Neuch\u00e2tel<\/option><option  value=\"Nidwald\">Nidwald<\/option><option  value=\"Obwald\">Obwald<\/option><option  value=\"Schaffhouse\">Schaffhouse<\/option><option  value=\"Schwyz\">Schwyz<\/option><option  value=\"Soleure\">Soleure<\/option><option  value=\"Saint-Gall\">Saint-Gall<\/option><option  value=\"Tessin\">Tessin<\/option><option  value=\"Thurgovie\">Thurgovie<\/option><option  value=\"Uri\">Uri<\/option><option  value=\"Vaud\">Vaud<\/option><option  value=\"Valais\">Valais<\/option><option  value=\"Zoug\">Zoug<\/option><option  value=\"Zurich\">Zurich<\/option>\t<\/select>\n\t\r\n    \r\n    \r\n<\/div>\n<div id=\"frm_field_347_container\" class=\"frm_form_field form-field  frm_required_field frm_top_container form-email\">\r\n    <label for=\"field_email-field4a51f4c8cc42\" id=\"field_email-field4a51f4c8cc42_label\" class=\"frm_primary_label\">E-mail\r\n        <span class=\"frm_required\">*<\/span>\r\n    <\/label>\r\n    <input type=\"email\" id=\"field_email-field4a51f4c8cc42\" name=\"item_meta[347]\" value=\"\"  placeholder=\"E-mail*\" data-reqmsg=\"Ce champ ne doit pas \u00eatre vide.\" aria-required=\"true\" data-invmsg=\"L&#039;E-mail est invalide\" aria-invalid=\"false\"  \/>\r\n    \r\n    \r\n<\/div>\n<div id=\"frm_field_348_container\" class=\"frm_form_field form-field  frm_top_container hide-label vertical_radio\">\r\n    <div  id=\"field_komitee_member_frontend-field42_label\" class=\"frm_primary_label\">Par la pr\u00e9sente, j&rsquo;accepte que mon nom soit mentionn\u00e9 sur le site web.\r\n        <span class=\"frm_required\"><\/span>\r\n    <\/div>\r\n    <div class=\"frm_opt_container\" aria-labelledby=\"field_komitee_member_frontend-field42_label\" role=\"group\">\t\t<div class=\"frm_checkbox\" id=\"frm_checkbox_348-0\">\t\t\t<label  for=\"field_komitee_member_frontend-field42-0\">\n\t\t\t<input type=\"checkbox\" name=\"item_meta[348][]\" id=\"field_komitee_member_frontend-field42-0\" value=\"Par la pr\u00e9sente, j&#039;accepte que mon nom soit mentionn\u00e9 sur le site web.\"  data-invmsg=\"Par la pr\u00e9sente, j&#039;accepte que mon nom soit mentionn\u00e9 sur le site web. is invalid\" aria-invalid=\"false\"   \/> Par la pr\u00e9sente, j&rsquo;accepte que mon nom soit mentionn\u00e9 sur le site web.<\/label><\/div>\n<\/div>\r\n    \r\n    \r\n<\/div>\n<div id=\"frm_field_349_container\" class=\"frm_form_field form-field  frm_top_container hide-label vertical_radio\">\r\n    <div  id=\"field_newsletter_abonnieren-field89d36d80f442_label\" class=\"frm_primary_label\">S&rsquo;abonnner \u00e0 la newsletter\r\n        <span class=\"frm_required\"><\/span>\r\n    <\/div>\r\n    <div class=\"frm_opt_container\" aria-labelledby=\"field_newsletter_abonnieren-field89d36d80f442_label\" role=\"group\">\t\t<div class=\"frm_checkbox\" id=\"frm_checkbox_349-0\">\t\t\t<label  for=\"field_newsletter_abonnieren-field89d36d80f442-0\">\n\t\t\t<input type=\"checkbox\" name=\"item_meta[349][]\" id=\"field_newsletter_abonnieren-field89d36d80f442-0\" value=\"S&#039;abonnner \u00e0 la newsletter\" checked=\"checked\"  data-frmval=\"[&quot;S&#039;abonnner \\u00e0 la newsletter&quot;]\" data-invmsg=\"S&#039;abonnner \u00e0 la newsletter is invalid\" aria-invalid=\"false\"   \/> S&rsquo;abonnner \u00e0 la newsletter<\/label><\/div>\n<\/div>\r\n    \r\n    \r\n<\/div>\n<div id=\"frm_field_350_container\" class=\"frm_form_field form-field  frm_required_field frm_top_container hide-label vertical_radio\">\r\n    <div  id=\"field_agree-field22bad835e942_label\" class=\"frm_primary_label\">Par la pr\u00e9sente, j&rsquo;accepte les dispositions relatives \u00e0 la protection des donn\u00e9es.\r\n        <span class=\"frm_required\"><\/span>\r\n    <\/div>\r\n    <div class=\"frm_opt_container\" aria-labelledby=\"field_agree-field22bad835e942_label\" role=\"group\">\t\t<div class=\"frm_checkbox\" id=\"frm_checkbox_350-0\">\t\t\t<label  for=\"field_agree-field22bad835e942-0\">\n\t\t\t<input type=\"checkbox\" name=\"item_meta[350][]\" id=\"field_agree-field22bad835e942-0\" value=\"Par la pr\u00e9sente, j&#039;accepte les &lt;a href=&quot;https:\/\/hev.bertaeins.ch\/fr\/datenschutz\/&quot;&gt;dispositions relatives \u00e0 la protection des donn\u00e9es&lt;\/a&gt;.*\"  data-reqmsg=\"Ce champ ne doit pas \u00eatre vide.\" data-invmsg=\"Par la pr\u00e9sente, j&#039;accepte les dispositions relatives \u00e0 la protection des donn\u00e9es. is invalid\" aria-invalid=\"false\"   aria-required=\"true\"  \/> Par la pr\u00e9sente, j&rsquo;accepte les <a href=\"https:\/\/hev.bertaeins.ch\/fr\/datenschutz\/\">dispositions relatives \u00e0 la protection des donn\u00e9es<\/a>.*<\/label><\/div>\n<\/div>\r\n    \r\n    \r\n<\/div>\n<div id=\"frm_field_351_container\" class=\"frm_form_field form-field  frm_top_container hidden_lang_field\">\r\n    <label for=\"field_formlang-field405bb6cc5a42\" id=\"field_formlang-field405bb6cc5a42_label\" class=\"frm_primary_label\">Lang\r\n        <span class=\"frm_required\"><\/span>\r\n    <\/label>\r\n    <input type=\"text\" id=\"field_formlang-field405bb6cc5a42\" name=\"item_meta[351]\" value=\"fr\"  data-frmval=\"fr\" data-invmsg=\"Text ist ung\u00fcltig\" aria-invalid=\"false\"  \/>\r\n    \r\n    \r\n<\/div>\n<div id=\"frm_field_352_container\" class=\"frm_form_field form-field  frm_none_container hide-label hide-captcha\">\r\n    <label for=\"g-recaptcha-response\" id=\"field_7edm042_label\" class=\"frm_primary_label\">Captcha\r\n        <span class=\"frm_required\" aria-hidden=\"true\"><\/span>\r\n    <\/label>\r\n    <div  id=\"field_7edm042\" class=\"frm-g-recaptcha\" data-sitekey=\"6LeUtFUrAAAAAGsBknnyxazMXifm7UYxz5Lznkaf\" data-size=\"invisible\" data-theme=\"light\"><\/div>\r\n    \r\n    \r\n<\/div>\n<input type=\"hidden\" name=\"item_meta[567]\" id=\"field_komitee_member-zyboz\" value=\"komitee_member\"  data-frmval=\"komitee_member\"   \/>\n<div id=\"frm_field_683_container\" class=\"frm_form_field form-field \">\r\n\t<div class=\"frm_submit\">\r\n\r\n<button class=\"frm_button_submit frm_final_submit\" type=\"submit\"   formnovalidate=\"formnovalidate\">Enregistrer<\/button>\r\n\r\n<\/div>\r\n<\/div>\n\t<input type=\"hidden\" name=\"item_key\" value=\"\" \/>\n\t<input name=\"frm_state\" type=\"hidden\" value=\"OLIk56e9xB0akHOe+vJgOmsWko2fg\/NubTP3YYiNFaI=\" \/><\/div>\n<\/fieldset>\n<\/div>\n<\/form>\n<\/div>\n                    <\/div>\n                            <\/div>\n        <\/section>\n    \n\n\n\n\n<p><\/p>\n","protected":false},"excerpt":{"rendered":"<p>La valeur locative est un revenu fictif &#8211; pourtant les propri\u00e9taires doivent payer des imp\u00f4ts. Cela p\u00e8se surtout sur les familles et les personnes \u00e0 bas revenus ainsi que sur les personnes \u00e2g\u00e9es. L\u2019imp\u00f4t fant\u00f4me complique l\u2019achat et l\u2019h\u00e9ritage d\u2019un logement &#8211; il torpille les r\u00eaves d\u2019acc\u00e9der \u00e0 la propri\u00e9t\u00e9. Cet imp\u00f4t injuste doit \u00eatre [&hellip;]<\/p>\n","protected":false},"author":1,"featured_media":0,"parent":0,"menu_order":0,"comment_status":"closed","ping_status":"closed","template":"","meta":{"_acf_changed":false,"inline_featured_image":false,"footnotes":""},"class_list":["post-781","page","type-page","status-publish","hentry"],"acf":[],"_links":{"self":[{"href":"https:\/\/hev.bertaeins.ch\/fr\/wp-json\/wp\/v2\/pages\/781","targetHints":{"allow":["GET"]}}],"collection":[{"href":"https:\/\/hev.bertaeins.ch\/fr\/wp-json\/wp\/v2\/pages"}],"about":[{"href":"https:\/\/hev.bertaeins.ch\/fr\/wp-json\/wp\/v2\/types\/page"}],"author":[{"embeddable":true,"href":"https:\/\/hev.bertaeins.ch\/fr\/wp-json\/wp\/v2\/users\/1"}],"replies":[{"embeddable":true,"href":"https:\/\/hev.bertaeins.ch\/fr\/wp-json\/wp\/v2\/comments?post=781"}],"version-history":[{"count":68,"href":"https:\/\/hev.bertaeins.ch\/fr\/wp-json\/wp\/v2\/pages\/781\/revisions"}],"predecessor-version":[{"id":5314,"href":"https:\/\/hev.bertaeins.ch\/fr\/wp-json\/wp\/v2\/pages\/781\/revisions\/5314"}],"wp:attachment":[{"href":"https:\/\/hev.bertaeins.ch\/fr\/wp-json\/wp\/v2\/media?parent=781"}],"curies":[{"name":"wp","href":"https:\/\/api.w.org\/{rel}","templated":true}]}}