{"id":249,"date":"2024-02-12T17:11:43","date_gmt":"2024-02-12T16:11:43","guid":{"rendered":"https:\/\/efas.bertaeins.ch\/startseite\/"},"modified":"2025-06-13T15:00:47","modified_gmt":"2025-06-13T13:00:47","slug":"startseite","status":"publish","type":"page","link":"https:\/\/hev.bertaeins.ch\/fr\/","title":{"rendered":"Supprimer l\u2019imp\u00f4t fant\u00f4me"},"content":{"rendered":"\n    <section class=\"darum-gehts-block block-paddings\" id=\"\">\n        <div class=\"block-bg block-bg-grey\" data-color=\"grey\"><\/div>\n\n        <div class=\"darum-gehts-block-content\">\n            \n            <div class=\"text-block scrollMagic-block visibleInBackend full\" data-uid=\"69e8a214226c2\">\n                                    <div class=\"title-block-wrapper scrollMagic-block visibleInBackend\" data-uid=\"69e8a214226c4\">\n                        \n                                                    <h2 class=\"\">Supprimer l\u2019imp\u00f4t fant\u00f4me<\/h2>\n                                            <\/div>\n                \n                                    <div class=\"simple-text-block is-style-lead-paragraph  scrollMagic-block visibleInBackend\" data-uid=\"69e8a214226c6\">\n                        <p>La valeur locative est un imp\u00f4t fant\u00f4me injuste : les propri\u00e9taires paient sur un revenu qui n\u2019existe tout simplement pas. Elle p\u00e8se principalement sur les familles et les personnes \u00e2g\u00e9es \u00e0 bas revenu. Cet imp\u00f4t p\u00e9nalise tous ceux qui poss\u00e8dent un logement, veulent en acqu\u00e9rir un ou en h\u00e9ritent &#8211; il torpille les r\u00eaves des locataires. La propri\u00e9t\u00e9 fait aussi partie de la pr\u00e9voyance vieillesse &#8211; il est grand temps d\u2019instaurer une plus grande \u00e9quit\u00e9.<\/p>\n                    <\/div>\n                \n                                    <div class=\"link scrollMagic-block visibleInBackend\" data-uid=\"69e8a2142473a\">\n                        <a href=\"https:\/\/hev.bertaeins.ch\/fr\/argumente\/\"  class=\" secondary-theme-btn\">\n                            En savoir plus                        <\/a>\n                    <\/div>\n                            <\/div>\n        <\/div>\n    <\/section>\n\n\n\n\n<div class=\"empty-divider\">\n    <svg preserveAspectRatio=\"none\" width=\"1440px\" height=\"109px\" viewBox=\"0 0 1440 109\" version=\"1.1\" xmlns=\"http:\/\/www.w3.org\/2000\/svg\" xmlns:xlink=\"http:\/\/www.w3.org\/1999\/xlink\">\n        <g id=\"Page-1\" stroke=\"none\" stroke-width=\"1\" fill=\"none\" fill-rule=\"evenodd\">\n            <g id=\"Group\" transform=\"translate(0, 0.2334)\">\n                <polygon id=\"Path\" fill=\"#00a15c\" points=\"0 108.696194 1440 108.696194 1440 -1.45834818e-15\"><\/polygon>\n                <polygon id=\"Path-2\" fill=\"#EFEFEF\" points=\"0 108.696194 1440 -2.22137831e-13 0 -2.27373675e-13\"><\/polygon>\n            <\/g>\n        <\/g>\n    <\/svg>\n<\/div>\n\n\n            <section class=\"argument-block block-paddings\" id=\"argumente\">\n            <div class=\"block-bg block-bg-primary\" data-color=\"primary\"><\/div>\n\n            <div class=\"argument-block-content\">\n                                    <div class=\"title-block-wrapper scrollMagic-block visibleInBackend\" data-uid=\"69e8a214336cb\">\n                        \n                                                    <h2 class=\"text-white\">Arguments:<\/h2>\n                        \n                                            <\/div>\n                \n                <div class=\"accordion scrollMagic-block visibleInBackend\" data-uid=\"69e8a214336ce\">\n                                            <div class=\"accordion-item scrollMagic-block visibleInBackend\"  data-uid=\"69e8a214336cf\">\n                            <div class=\"accordion-item-header-block secondary active\" data-number=\"1\">\n                                <h4 class=\"text-white mb-0\">La valeur locative est injuste<\/h4>\n                            <\/div>\n\n                            <div class=\"accordion-item-content-block active\">\n                                                                    <div class=\"simple-text-block\">\n                                        <p>Les propri\u00e9taires paient des imp\u00f4ts sur un revenu fictif. Cela frappe en particulier les familles, les personnes \u00e2g\u00e9es et tous ceux qui souhaitent acc\u00e9der \u00e0 la propri\u00e9t\u00e9 ou en h\u00e9riter. Ceux qui s\u2019endettent sont r\u00e9compens\u00e9s \u2013 ceux qui remboursent leurs dettes sont p\u00e9nalis\u00e9s. Il est temps de supprimer cet imp\u00f4t fant\u00f4me.<\/p>\n                                    <\/div>\n                                                            <\/div>\n                        <\/div>\n                                                <div class=\"accordion-item scrollMagic-block visibleInBackend\"  data-uid=\"69e8a214336d1\">\n                            <div class=\"accordion-item-header-block secondary \" data-number=\"2\">\n                                <h4 class=\"text-white mb-0\">La suppression renforce la responsabilit\u00e9 individuelle<\/h4>\n                            <\/div>\n\n                            <div class=\"accordion-item-content-block \">\n                                                                    <div class=\"simple-text-block\">\n                                        <p>La suppression de la valeur locative renforce la responsabilit\u00e9 individuelle. L\u2019endettement ne sera plus fiscalement encourag\u00e9 et rembourser son cr\u00e9dit redeviendra int\u00e9ressant.<br \/>\nLes frais d\u2019entretien et les int\u00e9r\u00eats hypoth\u00e9caires ne seront plus d\u00e9ductibles pour les logements occup\u00e9s par leur propri\u00e9taire \u2013 en contrepartie, la valeur locative sera supprim\u00e9e.<\/p>\n<p>Les personnes acc\u00e9dant \u00e0 la propri\u00e9t\u00e9 pour la premi\u00e8re fois b\u00e9n\u00e9ficieront d\u2019une d\u00e9duction transitoire. Les biens immobiliers lou\u00e9s, eux, resteront en grande partie soumis au syst\u00e8me actuel de d\u00e9ductions.<\/p>\n                                    <\/div>\n                                                            <\/div>\n                        <\/div>\n                                                <div class=\"accordion-item scrollMagic-block visibleInBackend\"  data-uid=\"69e8a214336d2\">\n                            <div class=\"accordion-item-header-block secondary \" data-number=\"3\">\n                                <h4 class=\"text-white mb-0\">OUI \u00e0 une r\u00e9forme \u00e9quilibr\u00e9e et \u00e9quitable<\/h4>\n                            <\/div>\n\n                            <div class=\"accordion-item-content-block \">\n                                                                    <div class=\"simple-text-block\">\n                                        <p>La r\u00e9forme est \u00e9quilibr\u00e9e et \u00e9quitable : la valeur locative sera abolie, en contrepartie certaines d\u00e9ductions disparaissent. seront supprim\u00e9es. Les personnes acc\u00e9dant \u00e0 la propri\u00e9t\u00e9 pour la premi\u00e8re fois en profitent et les cantons pourront taxer les r\u00e9sidences secondaires de mani\u00e8re autonome, en fonction de leurs besoins. Au final, le logement sera globalement moins impos\u00e9 \u2013 et de fa\u00e7on plus juste. Une v\u00e9ritable chance pour une fiscalit\u00e9 \u00e9quitable de la propri\u00e9t\u00e9.<\/p>\n                                    <\/div>\n                                                            <\/div>\n                        <\/div>\n                                                <div class=\"accordion-item scrollMagic-block visibleInBackend\"  data-uid=\"69e8a214336d3\">\n                            <div class=\"accordion-item-header-block secondary \" data-number=\"4\">\n                                <h4 class=\"text-white mb-0\">OUI \u00e0 la suppression de la valeur locative, OUI \u00e0 l\u2019arr\u00eat\u00e9 f\u00e9d\u00e9ral sur les r\u00e9sidences secondaires<\/h4>\n                            <\/div>\n\n                            <div class=\"accordion-item-content-block \">\n                                                                    <div class=\"simple-text-block\">\n                                        <p>Le 28 septembre, nous voterons sur la suppression de la valeur locative \u2013 un imp\u00f4t injuste sur un revenu fictif. Cette r\u00e9forme soulage la classe moyenne, soutient les premiers acqu\u00e9reurs et renforce la responsabilit\u00e9 individuelle. Le projet qui est li\u00e9 \u00e0 la suppression de la valeur locative permet aux cantons de taxer les r\u00e9sidences secondaires selon leurs propres besoins. Celles et ceux qui souhaitent supprimer la valeur locative, disent OUI \u00e0 l\u2019arr\u00eat\u00e9 sur les r\u00e9sidences secondaires.<\/p>\n                                    <\/div>\n                                                            <\/div>\n                        <\/div>\n                                        <\/div>\n\n                            <\/div>\n        <\/section>\n    \n\n\n<div class=\"empty-divider\">\n    <svg preserveAspectRatio=\"none\" width=\"1440px\" height=\"109px\" viewBox=\"0 0 1440 109\" version=\"1.1\" xmlns=\"http:\/\/www.w3.org\/2000\/svg\" xmlns:xlink=\"http:\/\/www.w3.org\/1999\/xlink\">\n        <g id=\"Page-1\" stroke=\"none\" stroke-width=\"1\" fill=\"none\" fill-rule=\"evenodd\">\n            <g id=\"Group\" transform=\"translate(0, 0.2334)\">\n                <polygon id=\"Path\" fill=\"#EFEFEF\" points=\"0 108.696194 1440 108.696194 1440 -1.45834818e-15\"><\/polygon>\n                <polygon id=\"Path-2\" fill=\"#00a15c\" points=\"0 108.696194 1440 -2.22137831e-13 0 -2.27373675e-13\"><\/polygon>\n            <\/g>\n        <\/g>\n    <\/svg>\n<\/div>\n\n\n    <section class=\"forms-block block-paddings\" id=\"\">\n        <div class=\"block-bg block-bg-grey\" data-color=\"grey\"><\/div>\n\n        <div class=\"form-content-wrapper\">\n                            <div class=\"title-block-wrapper scrollMagic-block visibleInBackend\" data-uid=\"69e8a21438a82\">\n                    \n                                            <h2 class=\"block-title \">Engagez-vous d\u00e8s maintenant et soutenez la campagne<\/h2>\n                                    <\/div>\n            \n            <div class=\"form-items\">\n                \n                \n                                    <div class=\"form-item scrollMagic-block visibleInBackend delay-0\" data-counter=\"3\" data-uid=\"69e8a21438a86\">\n                        <div class=\"form-item-content-wrapper form-item-grey\">\n                            <svg preserveAspectRatio=\"none\" width=\"339px\" height=\"64px\" viewBox=\"0 0 339 64\" version=\"1.1\" xmlns=\"http:\/\/www.w3.org\/2000\/svg\" xmlns:xlink=\"http:\/\/www.w3.org\/1999\/xlink\">\n                                <g id=\"Page-1\" stroke=\"none\" stroke-width=\"1\" fill=\"none\" fill-rule=\"evenodd\">\n                                    <polygon id=\"Path\" fill=\"#00a15c\" points=\"0.775551163 63.9649856 338.204072 63.9649856 169.489812 0.988581263\"><\/polygon>\n                                <\/g>\n                            <\/svg>\n\n                                                            <h3 class=\"small text-white text-center\">Abonnez-vous \u00e0 la newsletter<\/h3>\n                            \n                            \n                            <div class=\"button-block\">\n                                <a class=\"secondary-theme-btn overlay-open\" href=\"#\" data-type=\"newsletter\" id=\"newsletter-form_overlay\">\n                                    S&rsquo;inscrire maintenant                                <\/a>\n                            <\/div>\n                        <\/div>\n                    <\/div>\n                \n                                                            <div class=\"form-item scrollMagic-block visibleInBackend delay-1\" data-uid=\"69e8a21438a8a\">\n                            <div class=\"form-item-content-wrapper form-item-grey\">\n                                <svg preserveAspectRatio=\"none\" width=\"339px\" height=\"64px\" viewBox=\"0 0 339 64\" version=\"1.1\" xmlns=\"http:\/\/www.w3.org\/2000\/svg\" xmlns:xlink=\"http:\/\/www.w3.org\/1999\/xlink\">\n                                    <g id=\"Page-1\" stroke=\"none\" stroke-width=\"1\" fill=\"none\" fill-rule=\"evenodd\">\n                                        <polygon id=\"Path\" fill=\"#00a15c\" points=\"0.775551163 63.9649856 338.204072 63.9649856 169.489812 0.988581263\"><\/polygon>\n                                    <\/g>\n                                <\/svg>\n\n                                                                    <h3 class=\"small text-white text-center\">Suivez-nous sur les r\u00e9seaux sociaux<\/h3>\n                                \n                                \n                                \n                                                                   <div class=\"social-icons-block\">\n                                                                              <ul>\n            <li>\n            <a href=\"https:\/\/www.facebook.com\/profile.php?id=61576762116724\" target=\"_blank\"  >\n                <i class=\"fa-brands fa-square-facebook\"><\/i>\n            <\/a>\n        <\/li>\n    \n            <li>\n            <a href=\"https:\/\/www.linkedin.com\/company\/impots-%C3%A9quitables\/about\/?viewAsMember=true\" target=\"_blank\"  >\n                <i class=\"fa-brands fa-linkedin\"><\/i>\n            <\/a>\n        <\/li>\n    \n            <li>\n            <a href=\"https:\/\/www.instagram.com\/impots_equitables\/\" target=\"_blank\"  >\n                <i class=\"fa-brands fa-instagram\"><\/i>\n            <\/a>\n        <\/li>\n    \n            <li>\n            <a href=\"https:\/\/x.com\/impots_equit\" target=\"_blank\"  >\n                <i class=\"fa-brands fa-square-x-twitter\"><\/i>\n            <\/a>\n        <\/li>\n    \n    \n    <\/ul>\n                                    <\/div>\n                                                           <\/div>\n                        <\/div>\n                                                <\/div>\n        <\/div>\n    <\/section>\n","protected":false},"excerpt":{"rendered":"","protected":false},"author":1,"featured_media":5021,"parent":0,"menu_order":0,"comment_status":"closed","ping_status":"closed","template":"","meta":{"_acf_changed":false,"inline_featured_image":false,"footnotes":""},"class_list":["post-249","page","type-page","status-publish","has-post-thumbnail","hentry"],"acf":[],"_links":{"self":[{"href":"https:\/\/hev.bertaeins.ch\/fr\/wp-json\/wp\/v2\/pages\/249","targetHints":{"allow":["GET"]}}],"collection":[{"href":"https:\/\/hev.bertaeins.ch\/fr\/wp-json\/wp\/v2\/pages"}],"about":[{"href":"https:\/\/hev.bertaeins.ch\/fr\/wp-json\/wp\/v2\/types\/page"}],"author":[{"embeddable":true,"href":"https:\/\/hev.bertaeins.ch\/fr\/wp-json\/wp\/v2\/users\/1"}],"replies":[{"embeddable":true,"href":"https:\/\/hev.bertaeins.ch\/fr\/wp-json\/wp\/v2\/comments?post=249"}],"version-history":[{"count":76,"href":"https:\/\/hev.bertaeins.ch\/fr\/wp-json\/wp\/v2\/pages\/249\/revisions"}],"predecessor-version":[{"id":5377,"href":"https:\/\/hev.bertaeins.ch\/fr\/wp-json\/wp\/v2\/pages\/249\/revisions\/5377"}],"wp:featuredmedia":[{"embeddable":true,"href":"https:\/\/hev.bertaeins.ch\/fr\/wp-json\/wp\/v2\/media\/5021"}],"wp:attachment":[{"href":"https:\/\/hev.bertaeins.ch\/fr\/wp-json\/wp\/v2\/media?parent=249"}],"curies":[{"name":"wp","href":"https:\/\/api.w.org\/{rel}","templated":true}]}}